{"id":5943,"date":"2022-03-24T16:03:02","date_gmt":"2022-03-24T15:03:02","guid":{"rendered":"https:\/\/agaronstudio.com\/contact\/"},"modified":"2026-01-15T16:17:57","modified_gmt":"2026-01-15T15:17:57","slug":"contacto","status":"publish","type":"page","link":"https:\/\/agaronstudio.com\/es\/contacto\/","title":{"rendered":"Contacto"},"content":{"rendered":"\t\t<div data-elementor-type=\"wp-page\" data-elementor-id=\"5943\" class=\"elementor elementor-5943\" data-elementor-post-type=\"page\">\n\t\t\t\t<div class=\"elementor-element elementor-element-88b837d e-flex e-con-boxed e-con e-parent\" data-id=\"88b837d\" data-element_type=\"container\" data-e-type=\"container\">\n\t\t\t\t\t<div class=\"e-con-inner\">\n\t\t\t\t<div class=\"elementor-element elementor-element-1d89a41 elementor-widget elementor-widget-heading\" data-id=\"1d89a41\" data-element_type=\"widget\" data-e-type=\"widget\" data-widget_type=\"heading.default\">\n\t\t\t\t<div class=\"elementor-widget-container\">\n\t\t\t\t\t<h1 class=\"elementor-heading-title elementor-size-default\">Contacto<\/h1>\t\t\t\t<\/div>\n\t\t\t\t<\/div>\n\t\t\t\t<div class=\"elementor-element elementor-element-613975e elementor-align-right elementor-widget elementor-widget-breadcrumbs\" data-id=\"613975e\" data-element_type=\"widget\" data-e-type=\"widget\" data-widget_type=\"breadcrumbs.default\">\n\t\t\t\t<div class=\"elementor-widget-container\">\n\t\t\t\t\t<p id=\"breadcrumbs\"><span><span><a href=\"https:\/\/agaronstudio.com\/\">Home<\/a><\/span><\/span><\/p>\t\t\t\t<\/div>\n\t\t\t\t<\/div>\n\t\t\t\t\t<\/div>\n\t\t\t\t<\/div>\n\t\t<div class=\"elementor-element elementor-element-07756aa e-flex e-con-boxed e-con e-parent\" data-id=\"07756aa\" data-element_type=\"container\" data-e-type=\"container\">\n\t\t\t\t\t<div class=\"e-con-inner\">\n\t\t<div class=\"elementor-element elementor-element-67db62a e-con-full e-flex e-con e-child\" data-id=\"67db62a\" data-element_type=\"container\" data-e-type=\"container\">\n\t\t\t\t<div class=\"elementor-element elementor-element-66acb72 elementor-widget elementor-widget-heading\" data-id=\"66acb72\" data-element_type=\"widget\" data-e-type=\"widget\" data-widget_type=\"heading.default\">\n\t\t\t\t<div class=\"elementor-widget-container\">\n\t\t\t\t\t<h2 class=\"elementor-heading-title elementor-size-default\">Hola. Cu\u00e9ntanos qu\u00e9 est\u00e1s buscando.<\/h2>\t\t\t\t<\/div>\n\t\t\t\t<\/div>\n\t\t\t\t<div class=\"elementor-element elementor-element-d260c36 elementor-widget elementor-widget-heading\" data-id=\"d260c36\" data-element_type=\"widget\" data-e-type=\"widget\" data-widget_type=\"heading.default\">\n\t\t\t\t<div class=\"elementor-widget-container\">\n\t\t\t\t\t<h2 class=\"elementor-heading-title elementor-size-default\">Tel\u00e9fono: 657 443 410<\/h2>\t\t\t\t<\/div>\n\t\t\t\t<\/div>\n\t\t\t\t<div class=\"elementor-element elementor-element-3254f8f elementor-widget elementor-widget-heading\" data-id=\"3254f8f\" data-element_type=\"widget\" data-e-type=\"widget\" data-widget_type=\"heading.default\">\n\t\t\t\t<div class=\"elementor-widget-container\">\n\t\t\t\t\t<h2 class=\"elementor-heading-title elementor-size-default\">Email: agaronstudio.builders@gmail.com<\/h2>\t\t\t\t<\/div>\n\t\t\t\t<\/div>\n\t\t\t\t<div class=\"elementor-element elementor-element-c03f6b3 elementor-widget elementor-widget-heading\" data-id=\"c03f6b3\" data-element_type=\"widget\" data-e-type=\"widget\" data-widget_type=\"heading.default\">\n\t\t\t\t<div class=\"elementor-widget-container\">\n\t\t\t\t\t<h2 class=\"elementor-heading-title elementor-size-default\">Formulario de contacto<\/h2>\t\t\t\t<\/div>\n\t\t\t\t<\/div>\n\t\t\t\t<div class=\"elementor-element elementor-element-9748ba4 elementor-button-align-start elementor-form elementor-widget elementor-widget-form\" data-id=\"9748ba4\" data-element_type=\"widget\" data-e-type=\"widget\" data-settings=\"{&quot;step_next_label&quot;:&quot;Next&quot;,&quot;step_previous_label&quot;:&quot;Previous&quot;,&quot;button_width&quot;:&quot;100&quot;,&quot;step_type&quot;:&quot;number_text&quot;,&quot;step_icon_shape&quot;:&quot;circle&quot;}\" data-widget_type=\"form.default\">\n\t\t\t\t<div class=\"elementor-widget-container\">\n\t\t\t\t\t\t\t<form class=\"elementor-form\" method=\"post\" name=\"New Form\" aria-label=\"New Form\">\n\t\t\t<input type=\"hidden\" name=\"post_id\" value=\"5943\"\/>\n\t\t\t<input type=\"hidden\" name=\"form_id\" value=\"9748ba4\"\/>\n\t\t\t<input type=\"hidden\" name=\"referer_title\" value=\"Agaron Studio\" \/>\n\n\t\t\t\n\t\t\t<div class=\"elementor-form-fields-wrapper elementor-labels-above\">\n\t\t\t\t\t\t\t\t<div class=\"elementor-field-type-text elementor-field-group elementor-column elementor-field-group-name elementor-col-100\">\n\t\t\t\t\t\t\t\t\t\t\t\t<label for=\"form-field-name\" class=\"elementor-field-label\">\n\t\t\t\t\t\t\t\tNombre\t\t\t\t\t\t\t<\/label>\n\t\t\t\t\t\t\t\t\t\t\t\t\t\t<input size=\"1\" type=\"text\" name=\"form_fields[name]\" id=\"form-field-name\" class=\"elementor-field elementor-size-sm  elementor-field-textual\">\n\t\t\t\t\t\t\t\t\t\t\t<\/div>\n\t\t\t\t\t\t\t\t<div class=\"elementor-field-type-email elementor-field-group elementor-column elementor-field-group-email elementor-col-100 elementor-field-required\">\n\t\t\t\t\t\t\t\t\t\t\t\t<label for=\"form-field-email\" class=\"elementor-field-label\">\n\t\t\t\t\t\t\t\tEmail\t\t\t\t\t\t\t<\/label>\n\t\t\t\t\t\t\t\t\t\t\t\t\t\t<input size=\"1\" type=\"email\" name=\"form_fields[email]\" id=\"form-field-email\" class=\"elementor-field elementor-size-sm  elementor-field-textual\" required=\"required\">\n\t\t\t\t\t\t\t\t\t\t\t<\/div>\n\t\t\t\t\t\t\t\t<div class=\"elementor-field-type-tel elementor-field-group elementor-column elementor-field-group-field_aca8744 elementor-col-100\">\n\t\t\t\t\t\t\t\t\t\t\t\t<label for=\"form-field-field_aca8744\" class=\"elementor-field-label\">\n\t\t\t\t\t\t\t\tTel\u00e9fono\t\t\t\t\t\t\t<\/label>\n\t\t\t\t\t\t\t\t<input size=\"1\" type=\"tel\" name=\"form_fields[field_aca8744]\" id=\"form-field-field_aca8744\" class=\"elementor-field elementor-size-sm  elementor-field-textual\" pattern=\"[0-9()#&amp;+*-=.]+\" title=\"Solo se aceptan n\u00fameros y caracteres de tel\u00e9fono (#,-,*,etc).\">\n\n\t\t\t\t\t\t<\/div>\n\t\t\t\t\t\t\t\t<div class=\"elementor-field-type-textarea elementor-field-group elementor-column elementor-field-group-field_4e48d8f elementor-col-100\">\n\t\t\t\t\t\t\t\t\t\t\t\t<label for=\"form-field-field_4e48d8f\" class=\"elementor-field-label\">\n\t\t\t\t\t\t\t\tMensaje\t\t\t\t\t\t\t<\/label>\n\t\t\t\t\t\t<textarea class=\"elementor-field-textual elementor-field  elementor-size-sm\" name=\"form_fields[field_4e48d8f]\" id=\"form-field-field_4e48d8f\" rows=\"4\"><\/textarea>\t\t\t\t<\/div>\n\t\t\t\t\t\t\t\t<div class=\"elementor-field-type-html elementor-field-group elementor-column elementor-field-group-field_81bdb2b elementor-col-100\">\n\t\t\t\t\t<strong>Informaci\u00f3n b\u00e1sica sobre protecci\u00f3n de datos<\/strong><br\/>. Responsable: Agaron Studio<br\/>\n\u00b7 Finalidad y legitimaci\u00f3n: Gestionar y resolver su consulta y, en caso de que complete nuestros cuestionarios facilitarle el servicio solicitado. La legitimaci\u00f3n es su consentimiento.<br\/>\n\u00b7 Destinatarios: No se ceder\u00e1n a terceros, salvo obligaci\u00f3n legal.<br\/>\n\u00b7 Derechos: Acceso, rectificaci\u00f3n, supresi\u00f3n, oposici\u00f3n, limitaci\u00f3n, portabilidad.<br\/>\n\u00b7 Puede consultar la informaci\u00f3n adicional y detallada sobre protecci\u00f3n de datos a trav\u00e9s del siguiente enlace: <a href=\"\/politica-de-privacidad\/\">Privacidad<\/a>\t\t\t\t<\/div>\n\t\t\t\t\t\t\t\t<div class=\"elementor-field-type-hidden elementor-field-group elementor-column elementor-field-group-field_17c2708 elementor-col-100\">\n\t\t\t\t\t\t\t\t\t\t\t\t\t<input size=\"1\" type=\"hidden\" name=\"form_fields[field_17c2708]\" id=\"form-field-field_17c2708\" class=\"elementor-field elementor-size-sm  elementor-field-textual\">\n\t\t\t\t\t\t\t\t\t\t\t<\/div>\n\t\t\t\t\t\t\t\t<div class=\"elementor-field-group elementor-column elementor-field-type-submit elementor-col-100 e-form__buttons\">\n\t\t\t\t\t<button class=\"elementor-button elementor-size-md\" type=\"submit\">\n\t\t\t\t\t\t<span class=\"elementor-button-content-wrapper\">\n\t\t\t\t\t\t\t\t\t\t\t\t\t\t\t\t\t\t\t\t\t\t<span class=\"elementor-button-text\">ENVIAR<\/span>\n\t\t\t\t\t\t\t\t\t\t\t\t\t<\/span>\n\t\t\t\t\t<\/button>\n\t\t\t\t<\/div>\n\t\t\t<\/div>\n\t\t<\/form>\n\t\t\t\t\t\t<\/div>\n\t\t\t\t<\/div>\n\t\t\t\t<\/div>\n\t\t<div class=\"elementor-element elementor-element-4c7b212 e-flex e-con-boxed e-con e-child\" data-id=\"4c7b212\" data-element_type=\"container\" data-e-type=\"container\">\n\t\t\t\t\t<div class=\"e-con-inner\">\n\t\t\t\t<div class=\"elementor-element elementor-element-44f26dd elementor-widget elementor-widget-aliothsingleimage\" data-id=\"44f26dd\" data-element_type=\"widget\" data-e-type=\"widget\" data-widget_type=\"aliothsingleimage.default\">\n\t\t\t\t<div class=\"elementor-widget-container\">\n\t\t\t\t\t\n<!--Single Image-->\n<div  class=\"single-image align-right\">\n\n    \n    <img decoding=\"async\" class=\"has-anim lazyload\" data-animation=\"\" data-duration=\"\" data-delay=\"\" data-color=\"\" alt=\"\" data-src=\"https:\/\/agaronstudio.com\/wp-content\/uploads\/2023\/11\/shutterstock_1874402365-scaled-e1701195853682.jpg\" src=\"data:image\/svg+xml;base64,PHN2ZyB3aWR0aD0iMSIgaGVpZ2h0PSIxIiB4bWxucz0iaHR0cDovL3d3dy53My5vcmcvMjAwMC9zdmciPjwvc3ZnPg==\" style=\"--smush-placeholder-width: 1275px; --smush-placeholder-aspect-ratio: 1275\/1706;\">\n\n    \n<\/div>\n<!--\/Single Image-->\n\n\n\t\t\t\t<\/div>\n\t\t\t\t<\/div>\n\t\t\t\t\t<\/div>\n\t\t\t\t<\/div>\n\t\t\t\t\t<\/div>\n\t\t\t\t<\/div>\n\t\t\t\t<\/div>\n\t\t","protected":false},"excerpt":{"rendered":"<p>Hola. Cu\u00e9ntanos qu\u00e9 est\u00e1s buscando. Tel\u00e9fono: 657 443 410 Email: agaronstudio.builders@gmail.com Formulario de contacto<\/p>\n","protected":false},"author":1,"featured_media":0,"parent":0,"menu_order":7,"comment_status":"closed","ping_status":"closed","template":"elementor_header_footer","meta":{"_acf_changed":false,"footnotes":""},"class_list":["post-5943","page","type-page","status-publish","hentry"],"acf":[],"yoast_head":"<!-- This site is optimized with the Yoast SEO plugin v27.4 - https:\/\/yoast.com\/product\/yoast-seo-wordpress\/ -->\n<title>Contacto | Agaron Studio<\/title>\n<meta name=\"robots\" content=\"index, follow, max-snippet:-1, max-image-preview:large, max-video-preview:-1\" \/>\n<link rel=\"canonical\" href=\"https:\/\/agaronstudio.com\/es\/contacto\/\" \/>\n<meta property=\"og:locale\" content=\"es_ES\" \/>\n<meta property=\"og:type\" content=\"article\" \/>\n<meta property=\"og:title\" content=\"Contacto | Agaron Studio\" \/>\n<meta property=\"og:description\" content=\"Hola. Cu\u00e9ntanos qu\u00e9 est\u00e1s buscando. Tel\u00e9fono: 657 443 410 Email: agaronstudio.builders@gmail.com Formulario de contacto\" \/>\n<meta property=\"og:url\" content=\"https:\/\/agaronstudio.com\/es\/contacto\/\" \/>\n<meta property=\"og:site_name\" content=\"Agaron Studio\" \/>\n<meta property=\"article:publisher\" content=\"https:\/\/www.facebook.com\/people\/Agaron-Studio\/61566993520849\/\" \/>\n<meta property=\"article:modified_time\" content=\"2026-01-15T15:17:57+00:00\" \/>\n<meta property=\"og:image\" content=\"https:\/\/agaronstudio.com\/wp-content\/uploads\/2023\/11\/shutterstock_1874402365-scaled-e1701195853682.jpg\" \/>\n<meta name=\"twitter:card\" content=\"summary_large_image\" \/>\n<meta name=\"twitter:label1\" content=\"Tiempo de lectura\" \/>\n\t<meta name=\"twitter:data1\" content=\"1 minuto\" \/>\n<script type=\"application\/ld+json\" class=\"yoast-schema-graph\">{\"@context\":\"https:\\\/\\\/schema.org\",\"@graph\":[{\"@type\":\"WebPage\",\"@id\":\"https:\\\/\\\/agaronstudio.com\\\/es\\\/contacto\\\/\",\"url\":\"https:\\\/\\\/agaronstudio.com\\\/es\\\/contacto\\\/\",\"name\":\"Contacto | Agaron Studio\",\"isPartOf\":{\"@id\":\"https:\\\/\\\/agaronstudio.com\\\/#website\"},\"primaryImageOfPage\":{\"@id\":\"https:\\\/\\\/agaronstudio.com\\\/es\\\/contacto\\\/#primaryimage\"},\"image\":{\"@id\":\"https:\\\/\\\/agaronstudio.com\\\/es\\\/contacto\\\/#primaryimage\"},\"thumbnailUrl\":\"https:\\\/\\\/agaronstudio.com\\\/wp-content\\\/uploads\\\/2023\\\/11\\\/shutterstock_1874402365-scaled-e1701195853682.jpg\",\"datePublished\":\"2022-03-24T15:03:02+00:00\",\"dateModified\":\"2026-01-15T15:17:57+00:00\",\"breadcrumb\":{\"@id\":\"https:\\\/\\\/agaronstudio.com\\\/es\\\/contacto\\\/#breadcrumb\"},\"inLanguage\":\"es\",\"potentialAction\":[{\"@type\":\"ReadAction\",\"target\":[\"https:\\\/\\\/agaronstudio.com\\\/es\\\/contacto\\\/\"]}]},{\"@type\":\"ImageObject\",\"inLanguage\":\"es\",\"@id\":\"https:\\\/\\\/agaronstudio.com\\\/es\\\/contacto\\\/#primaryimage\",\"url\":\"https:\\\/\\\/agaronstudio.com\\\/wp-content\\\/uploads\\\/2023\\\/11\\\/shutterstock_1874402365-scaled-e1701195853682.jpg\",\"contentUrl\":\"https:\\\/\\\/agaronstudio.com\\\/wp-content\\\/uploads\\\/2023\\\/11\\\/shutterstock_1874402365-scaled-e1701195853682.jpg\"},{\"@type\":\"BreadcrumbList\",\"@id\":\"https:\\\/\\\/agaronstudio.com\\\/es\\\/contacto\\\/#breadcrumb\",\"itemListElement\":[{\"@type\":\"ListItem\",\"position\":1,\"name\":\"Home\",\"item\":\"https:\\\/\\\/agaronstudio.com\\\/\"},{\"@type\":\"ListItem\",\"position\":2,\"name\":\"Contacto\"}]},{\"@type\":\"WebSite\",\"@id\":\"https:\\\/\\\/agaronstudio.com\\\/#website\",\"url\":\"https:\\\/\\\/agaronstudio.com\\\/\",\"name\":\"Agaron Studio\",\"description\":\"Agaron Studio es un estudio especializado en el dise\u00f1o y construcci\u00f3n de villas de lujo en la Costa Blanca.\",\"publisher\":{\"@id\":\"https:\\\/\\\/agaronstudio.com\\\/#organization\"},\"potentialAction\":[{\"@type\":\"SearchAction\",\"target\":{\"@type\":\"EntryPoint\",\"urlTemplate\":\"https:\\\/\\\/agaronstudio.com\\\/?s={search_term_string}\"},\"query-input\":{\"@type\":\"PropertyValueSpecification\",\"valueRequired\":true,\"valueName\":\"search_term_string\"}}],\"inLanguage\":\"es\"},{\"@type\":\"Organization\",\"@id\":\"https:\\\/\\\/agaronstudio.com\\\/#organization\",\"name\":\"Agaron Studio\",\"url\":\"https:\\\/\\\/agaronstudio.com\\\/\",\"logo\":{\"@type\":\"ImageObject\",\"inLanguage\":\"es\",\"@id\":\"https:\\\/\\\/agaronstudio.com\\\/#\\\/schema\\\/logo\\\/image\\\/\",\"url\":\"https:\\\/\\\/agaronstudio.com\\\/wp-content\\\/uploads\\\/2023\\\/11\\\/cropped-Logo__Grueso-e1700677035962.png\",\"contentUrl\":\"https:\\\/\\\/agaronstudio.com\\\/wp-content\\\/uploads\\\/2023\\\/11\\\/cropped-Logo__Grueso-e1700677035962.png\",\"width\":957,\"height\":957,\"caption\":\"Agaron Studio\"},\"image\":{\"@id\":\"https:\\\/\\\/agaronstudio.com\\\/#\\\/schema\\\/logo\\\/image\\\/\"},\"sameAs\":[\"https:\\\/\\\/www.facebook.com\\\/people\\\/Agaron-Studio\\\/61566993520849\\\/\",\"https:\\\/\\\/www.linkedin.com\\\/company\\\/agaron-studio-sl\\\/\",\"https:\\\/\\\/www.instagram.com\\\/agaronstudio\\\/\"]}]}<\/script>\n<!-- \/ Yoast SEO plugin. -->","yoast_head_json":{"title":"Contacto | Agaron Studio","robots":{"index":"index","follow":"follow","max-snippet":"max-snippet:-1","max-image-preview":"max-image-preview:large","max-video-preview":"max-video-preview:-1"},"canonical":"https:\/\/agaronstudio.com\/es\/contacto\/","og_locale":"es_ES","og_type":"article","og_title":"Contacto | Agaron Studio","og_description":"Hola. Cu\u00e9ntanos qu\u00e9 est\u00e1s buscando. Tel\u00e9fono: 657 443 410 Email: agaronstudio.builders@gmail.com Formulario de contacto","og_url":"https:\/\/agaronstudio.com\/es\/contacto\/","og_site_name":"Agaron Studio","article_publisher":"https:\/\/www.facebook.com\/people\/Agaron-Studio\/61566993520849\/","article_modified_time":"2026-01-15T15:17:57+00:00","og_image":[{"url":"https:\/\/agaronstudio.com\/wp-content\/uploads\/2023\/11\/shutterstock_1874402365-scaled-e1701195853682.jpg","type":"","width":"","height":""}],"twitter_card":"summary_large_image","twitter_misc":{"Tiempo de lectura":"1 minuto"},"schema":{"@context":"https:\/\/schema.org","@graph":[{"@type":"WebPage","@id":"https:\/\/agaronstudio.com\/es\/contacto\/","url":"https:\/\/agaronstudio.com\/es\/contacto\/","name":"Contacto | Agaron Studio","isPartOf":{"@id":"https:\/\/agaronstudio.com\/#website"},"primaryImageOfPage":{"@id":"https:\/\/agaronstudio.com\/es\/contacto\/#primaryimage"},"image":{"@id":"https:\/\/agaronstudio.com\/es\/contacto\/#primaryimage"},"thumbnailUrl":"https:\/\/agaronstudio.com\/wp-content\/uploads\/2023\/11\/shutterstock_1874402365-scaled-e1701195853682.jpg","datePublished":"2022-03-24T15:03:02+00:00","dateModified":"2026-01-15T15:17:57+00:00","breadcrumb":{"@id":"https:\/\/agaronstudio.com\/es\/contacto\/#breadcrumb"},"inLanguage":"es","potentialAction":[{"@type":"ReadAction","target":["https:\/\/agaronstudio.com\/es\/contacto\/"]}]},{"@type":"ImageObject","inLanguage":"es","@id":"https:\/\/agaronstudio.com\/es\/contacto\/#primaryimage","url":"https:\/\/agaronstudio.com\/wp-content\/uploads\/2023\/11\/shutterstock_1874402365-scaled-e1701195853682.jpg","contentUrl":"https:\/\/agaronstudio.com\/wp-content\/uploads\/2023\/11\/shutterstock_1874402365-scaled-e1701195853682.jpg"},{"@type":"BreadcrumbList","@id":"https:\/\/agaronstudio.com\/es\/contacto\/#breadcrumb","itemListElement":[{"@type":"ListItem","position":1,"name":"Home","item":"https:\/\/agaronstudio.com\/"},{"@type":"ListItem","position":2,"name":"Contacto"}]},{"@type":"WebSite","@id":"https:\/\/agaronstudio.com\/#website","url":"https:\/\/agaronstudio.com\/","name":"Agaron Studio","description":"Agaron Studio es un estudio especializado en el dise\u00f1o y construcci\u00f3n de villas de lujo en la Costa Blanca.","publisher":{"@id":"https:\/\/agaronstudio.com\/#organization"},"potentialAction":[{"@type":"SearchAction","target":{"@type":"EntryPoint","urlTemplate":"https:\/\/agaronstudio.com\/?s={search_term_string}"},"query-input":{"@type":"PropertyValueSpecification","valueRequired":true,"valueName":"search_term_string"}}],"inLanguage":"es"},{"@type":"Organization","@id":"https:\/\/agaronstudio.com\/#organization","name":"Agaron Studio","url":"https:\/\/agaronstudio.com\/","logo":{"@type":"ImageObject","inLanguage":"es","@id":"https:\/\/agaronstudio.com\/#\/schema\/logo\/image\/","url":"https:\/\/agaronstudio.com\/wp-content\/uploads\/2023\/11\/cropped-Logo__Grueso-e1700677035962.png","contentUrl":"https:\/\/agaronstudio.com\/wp-content\/uploads\/2023\/11\/cropped-Logo__Grueso-e1700677035962.png","width":957,"height":957,"caption":"Agaron Studio"},"image":{"@id":"https:\/\/agaronstudio.com\/#\/schema\/logo\/image\/"},"sameAs":["https:\/\/www.facebook.com\/people\/Agaron-Studio\/61566993520849\/","https:\/\/www.linkedin.com\/company\/agaron-studio-sl\/","https:\/\/www.instagram.com\/agaronstudio\/"]}]}},"_links":{"self":[{"href":"https:\/\/agaronstudio.com\/es\/wp-json\/wp\/v2\/pages\/5943","targetHints":{"allow":["GET"]}}],"collection":[{"href":"https:\/\/agaronstudio.com\/es\/wp-json\/wp\/v2\/pages"}],"about":[{"href":"https:\/\/agaronstudio.com\/es\/wp-json\/wp\/v2\/types\/page"}],"author":[{"embeddable":true,"href":"https:\/\/agaronstudio.com\/es\/wp-json\/wp\/v2\/users\/1"}],"replies":[{"embeddable":true,"href":"https:\/\/agaronstudio.com\/es\/wp-json\/wp\/v2\/comments?post=5943"}],"version-history":[{"count":11,"href":"https:\/\/agaronstudio.com\/es\/wp-json\/wp\/v2\/pages\/5943\/revisions"}],"predecessor-version":[{"id":6769,"href":"https:\/\/agaronstudio.com\/es\/wp-json\/wp\/v2\/pages\/5943\/revisions\/6769"}],"wp:attachment":[{"href":"https:\/\/agaronstudio.com\/es\/wp-json\/wp\/v2\/media?parent=5943"}],"curies":[{"name":"wp","href":"https:\/\/api.w.org\/{rel}","templated":true}]}}